{"id":639,"date":"2019-03-14T10:46:04","date_gmt":"2019-03-14T09:46:04","guid":{"rendered":"https:\/\/www.scientax.com\/accueil-2\/"},"modified":"2019-03-15T00:34:13","modified_gmt":"2019-03-14T23:34:13","slug":"accueil-2","status":"publish","type":"page","link":"https:\/\/www.scientax.com\/en\/","title":{"rendered":"Home"},"content":{"rendered":"<div id=\"cs-content\" class=\"cs-content\"  >\n<div class=\"e639-1 x-section\" >\n      \n<div class=\"e639-2 x-container\" >\n    \n<div class=\"e639-3 x-column x-sm x-1-1\" >\n    \n\t\t\t<!-- START Accueil REVOLUTION SLIDER 6.7.38 --><p class=\"rs-p-wp-fix\"><\/p>\n\t\t\t<rs-module-wrap id=\"rev_slider_1_1_wrapper\" data-source=\"gallery\" style=\"visibility:hidden;background:transparent;padding:0;margin:0px auto;margin-top:0;margin-bottom:0;\">\n\t\t\t\t<rs-module id=\"rev_slider_1_1\" style=\"\" data-version=\"6.7.38\">\n\t\t\t\t\t<div class=\"rs_error_message_box\">\n\t\t\t\t\t\t<div class=\"rs_error_message_oops\">There is nothing to show here!<\/div>\n\t\t\t\t\t\t<div class=\"rs_error_message_content\">Make sure to add slides to the slider<\/div>\n\t\t\t\t\t<\/div>\n\t\t\t\t<\/rs-module>\n\t\t\t<\/rs-module-wrap>\n\t\t\t<script>\n\t\t\t\tvar rs_eslider = document.getElementById(\"rev_slider_1_1\");\n\t\t\t\trs_eslider.style.display = \"none\";\n\t\t\t\tconsole.log(\"Make sure to add slides to the slider\");\n\t\t\t<\/script>\n<\/div>\n<\/div>\n\n<div class=\"e639-5 x-container\" >\n    \n<div class=\"e639-6 x-column x-sm x-1-1\" >\n    <div  class=\"x-raw-content\" > \r\n\r\n    <div class=\"catalogue-container\">\r\n                    <div class=\"catalogue-item\">\r\n            <a href=\"https:\/\/www.scientax.com\/en\/machines-pour-la-plasturgie\/\" title=\"Voir les produits\">\r\n                <div class=\"block-image\">\r\n                    <img width=\"728\" height=\"546\" src=\"https:\/\/www.scientax.com\/wp-content\/uploads\/2019\/03\/1-Machines-pour-la-plasturgie-e1552105993728.jpg\" class=\"attachment-800x600 size-800x600 wp-post-image\" alt=\"Thermoformeuse 600 x 300 \u2013 SCIENTAX pour la plasturgie\" loading=\"lazy\" title=\"Machines for the plastics industry\" srcset=\"https:\/\/www.scientax.com\/wp-content\/uploads\/2019\/03\/1-Machines-pour-la-plasturgie-e1552105993728.jpg 728w, https:\/\/www.scientax.com\/wp-content\/uploads\/2019\/03\/1-Machines-pour-la-plasturgie-e1552105993728-300x225.jpg 300w, https:\/\/www.scientax.com\/wp-content\/uploads\/2019\/03\/1-Machines-pour-la-plasturgie-e1552105993728-100x75.jpg 100w\" sizes=\"(max-width: 728px) 100vw, 728px\" \/>                <\/div>\r\n                <div class=\"block-texte\">\r\n                    <div class=\"titre\">Machines for the plastics industry<\/div>\r\n                    <div class=\"desc\">thermoforming machines, heat sealers, cutting machines<\/div>\r\n                <\/div>\r\n            <\/a>\r\n        <\/div>\r\n                            <div class=\"catalogue-item\">\r\n            <a href=\"https:\/\/www.scientax.com\/en\/flat-resistors\/\" title=\"Voir les produits\">\r\n                <div class=\"block-image\">\r\n                    <img width=\"800\" height=\"600\" src=\"https:\/\/www.scientax.com\/wp-content\/uploads\/2019\/03\/2-R\u00e9sistances-plates-800x600.jpg\" class=\"attachment-800x600 size-800x600 wp-post-image\" alt=\"R\u00e9sistance chauffante plate c\u00e9ramique blind\u00e9 avec sortie par bornes \u2013 SCIENTAX\" loading=\"lazy\" title=\"Flat heaters\" srcset=\"https:\/\/www.scientax.com\/wp-content\/uploads\/2019\/03\/2-R\u00e9sistances-plates-800x600.jpg 800w, https:\/\/www.scientax.com\/wp-content\/uploads\/2019\/03\/2-R\u00e9sistances-plates-300x225.jpg 300w, https:\/\/www.scientax.com\/wp-content\/uploads\/2019\/03\/2-R\u00e9sistances-plates-768x576.jpg 768w, https:\/\/www.scientax.com\/wp-content\/uploads\/2019\/03\/2-R\u00e9sistances-plates-1024x768.jpg 1024w, https:\/\/www.scientax.com\/wp-content\/uploads\/2019\/03\/2-R\u00e9sistances-plates-100x75.jpg 100w, https:\/\/www.scientax.com\/wp-content\/uploads\/2019\/03\/2-R\u00e9sistances-plates-1280x960.jpg 1280w\" sizes=\"(max-width: 800px) 100vw, 800px\" \/>                <\/div>\r\n                <div class=\"block-texte\">\r\n                    <div class=\"titre\">Flat heaters<\/div>\r\n                    <div class=\"desc\">mica band heater, ceramic band heater<\/div>\r\n                <\/div>\r\n            <\/a>\r\n        <\/div>\r\n                            <div class=\"catalogue-item\">\r\n            <a href=\"https:\/\/www.scientax.com\/en\/circular-band-heaters\/\" title=\"Voir les produits\">\r\n                <div class=\"block-image\">\r\n                    <img width=\"800\" height=\"600\" src=\"https:\/\/www.scientax.com\/wp-content\/uploads\/2019\/03\/3-Colliers-chauffants-e1552105955989-800x600.jpg\" class=\"attachment-800x600 size-800x600 wp-post-image\" alt=\"Collier chauffant mica blind\u00e9 avec support de capteur de temp\u00e9rature \u2013 SCIENTAX\" loading=\"lazy\" title=\"Circular band heaters\" srcset=\"https:\/\/www.scientax.com\/wp-content\/uploads\/2019\/03\/3-Colliers-chauffants-e1552105955989-800x600.jpg 800w, https:\/\/www.scientax.com\/wp-content\/uploads\/2019\/03\/3-Colliers-chauffants-e1552105955989-300x225.jpg 300w, https:\/\/www.scientax.com\/wp-content\/uploads\/2019\/03\/3-Colliers-chauffants-e1552105955989-768x575.jpg 768w, https:\/\/www.scientax.com\/wp-content\/uploads\/2019\/03\/3-Colliers-chauffants-e1552105955989-1024x767.jpg 1024w, https:\/\/www.scientax.com\/wp-content\/uploads\/2019\/03\/3-Colliers-chauffants-e1552105955989-100x75.jpg 100w, https:\/\/www.scientax.com\/wp-content\/uploads\/2019\/03\/3-Colliers-chauffants-e1552105955989-1280x959.jpg 1280w\" sizes=\"(max-width: 800px) 100vw, 800px\" \/>                <\/div>\r\n                <div class=\"block-texte\">\r\n                    <div class=\"titre\">Circular band heaters<\/div>\r\n                    <div class=\"desc\">nozzle heater, mica heaters, ceramic heater and air cooled heater<\/div>\r\n                <\/div>\r\n            <\/a>\r\n        <\/div>\r\n                            <div class=\"catalogue-item\">\r\n            <a href=\"https:\/\/www.scientax.com\/en\/cartridge-heaters\/\" title=\"Voir les produits\">\r\n                <div class=\"block-image\">\r\n                    <img width=\"798\" height=\"600\" src=\"https:\/\/www.scientax.com\/wp-content\/uploads\/2019\/03\/4-Cartouches-chauffantes-e1552105925469-798x600.jpg\" class=\"attachment-800x600 size-800x600 wp-post-image\" alt=\"Cartouche chauffante basse charge en Inox - SCIENTAX\" loading=\"lazy\" title=\"Cartridge heaters\" srcset=\"https:\/\/www.scientax.com\/wp-content\/uploads\/2019\/03\/4-Cartouches-chauffantes-e1552105925469-798x600.jpg 798w, https:\/\/www.scientax.com\/wp-content\/uploads\/2019\/03\/4-Cartouches-chauffantes-e1552105925469-300x226.jpg 300w, https:\/\/www.scientax.com\/wp-content\/uploads\/2019\/03\/4-Cartouches-chauffantes-e1552105925469-768x577.jpg 768w, https:\/\/www.scientax.com\/wp-content\/uploads\/2019\/03\/4-Cartouches-chauffantes-e1552105925469-1024x770.jpg 1024w, https:\/\/www.scientax.com\/wp-content\/uploads\/2019\/03\/4-Cartouches-chauffantes-e1552105925469-100x75.jpg 100w, https:\/\/www.scientax.com\/wp-content\/uploads\/2019\/03\/4-Cartouches-chauffantes-e1552105925469-1280x962.jpg 1280w\" sizes=\"(max-width: 798px) 100vw, 798px\" \/>                <\/div>\r\n                <div class=\"block-texte\">\r\n                    <div class=\"titre\">Cartridge heaters<\/div>\r\n                    <div class=\"desc\">low, medium and high watt density<\/div>\r\n                <\/div>\r\n            <\/a>\r\n        <\/div>\r\n                            <div class=\"catalogue-item\">\r\n            <a href=\"https:\/\/www.scientax.com\/en\/ceramic-core-heaters\/\" title=\"Voir les produits\">\r\n                <div class=\"block-image\">\r\n                    <img width=\"800\" height=\"600\" src=\"https:\/\/www.scientax.com\/wp-content\/uploads\/2019\/03\/5-R\u00e9sistances-sur-barillets-800x600.jpg\" class=\"attachment-800x600 size-800x600 wp-post-image\" alt=\"R\u00e9sistance chauffante sous barillets en c\u00e9ramique \u2013 SCIENTAX\" loading=\"lazy\" title=\"Ceramic core heaters\" srcset=\"https:\/\/www.scientax.com\/wp-content\/uploads\/2019\/03\/5-R\u00e9sistances-sur-barillets-800x600.jpg 800w, https:\/\/www.scientax.com\/wp-content\/uploads\/2019\/03\/5-R\u00e9sistances-sur-barillets-300x225.jpg 300w, https:\/\/www.scientax.com\/wp-content\/uploads\/2019\/03\/5-R\u00e9sistances-sur-barillets-768x576.jpg 768w, https:\/\/www.scientax.com\/wp-content\/uploads\/2019\/03\/5-R\u00e9sistances-sur-barillets-1024x768.jpg 1024w, https:\/\/www.scientax.com\/wp-content\/uploads\/2019\/03\/5-R\u00e9sistances-sur-barillets-100x75.jpg 100w, https:\/\/www.scientax.com\/wp-content\/uploads\/2019\/03\/5-R\u00e9sistances-sur-barillets-1280x960.jpg 1280w\" sizes=\"(max-width: 800px) 100vw, 800px\" \/>                <\/div>\r\n                <div class=\"block-texte\">\r\n                    <div class=\"titre\">Ceramic core heaters<\/div>\r\n                    <div class=\"desc\">with or without thermoweel<\/div>\r\n                <\/div>\r\n            <\/a>\r\n        <\/div>\r\n                            <div class=\"catalogue-item\">\r\n            <a href=\"https:\/\/www.scientax.com\/en\/nickel-alloy-elements\/\" title=\"Voir les produits\">\r\n                <div class=\"block-image\">\r\n                    <img width=\"736\" height=\"552\" src=\"https:\/\/www.scientax.com\/wp-content\/uploads\/2019\/03\/6-R\u00e9sistances-fil-nu-e1552105897498.jpg\" class=\"attachment-800x600 size-800x600 wp-post-image\" alt=\"R\u00e9sistances chauffantes boudin\u00e9es pour utilisation dans des fours - SCIENTAX\" loading=\"lazy\" title=\"Nickel alloy elements\" srcset=\"https:\/\/www.scientax.com\/wp-content\/uploads\/2019\/03\/6-R\u00e9sistances-fil-nu-e1552105897498.jpg 736w, https:\/\/www.scientax.com\/wp-content\/uploads\/2019\/03\/6-R\u00e9sistances-fil-nu-e1552105897498-300x225.jpg 300w, https:\/\/www.scientax.com\/wp-content\/uploads\/2019\/03\/6-R\u00e9sistances-fil-nu-e1552105897498-100x75.jpg 100w\" sizes=\"(max-width: 736px) 100vw, 736px\" \/>                <\/div>\r\n                <div class=\"block-texte\">\r\n                    <div class=\"titre\">Nickel alloy elements<\/div>\r\n                    <div class=\"desc\">coiled wire, ribbon, air heaters<\/div>\r\n                <\/div>\r\n            <\/a>\r\n        <\/div>\r\n                            <div class=\"catalogue-item\">\r\n            <a href=\"https:\/\/www.scientax.com\/en\/resistances-mica\/\" title=\"Voir les produits\">\r\n                <div class=\"block-image\">\r\n                    <img width=\"800\" height=\"600\" src=\"https:\/\/www.scientax.com\/wp-content\/uploads\/2019\/03\/7-R\u00e9sistances-mica-e1552105861632-800x600.jpg\" class=\"attachment-800x600 size-800x600 wp-post-image\" alt=\"R\u00e9sistance chauffante en papier de mica \u2013 SCIENTAX\" loading=\"lazy\" title=\"Mica paper heaters\" srcset=\"https:\/\/www.scientax.com\/wp-content\/uploads\/2019\/03\/7-R\u00e9sistances-mica-e1552105861632-800x600.jpg 800w, https:\/\/www.scientax.com\/wp-content\/uploads\/2019\/03\/7-R\u00e9sistances-mica-e1552105861632-300x225.jpg 300w, https:\/\/www.scientax.com\/wp-content\/uploads\/2019\/03\/7-R\u00e9sistances-mica-e1552105861632-768x576.jpg 768w, https:\/\/www.scientax.com\/wp-content\/uploads\/2019\/03\/7-R\u00e9sistances-mica-e1552105861632-1024x768.jpg 1024w, https:\/\/www.scientax.com\/wp-content\/uploads\/2019\/03\/7-R\u00e9sistances-mica-e1552105861632-100x75.jpg 100w, https:\/\/www.scientax.com\/wp-content\/uploads\/2019\/03\/7-R\u00e9sistances-mica-e1552105861632-1280x960.jpg 1280w\" sizes=\"(max-width: 800px) 100vw, 800px\" \/>                <\/div>\r\n                <div class=\"block-texte\">\r\n                    <div class=\"titre\">Mica paper heaters<\/div>\r\n                    <div class=\"desc\">flat heater, air heaters<\/div>\r\n                <\/div>\r\n            <\/a>\r\n        <\/div>\r\n                            <div class=\"catalogue-item\">\r\n            <a href=\"https:\/\/www.scientax.com\/en\/resistances-sous-perles\/\" title=\"Voir les produits\">\r\n                <div class=\"block-image\">\r\n                    <img width=\"800\" height=\"600\" src=\"https:\/\/www.scientax.com\/wp-content\/uploads\/2019\/03\/14-r\u00e9sistances-sous-perles-800x600.jpg\" class=\"attachment-800x600 size-800x600 wp-post-image\" alt=\"R\u00e9sistances chauffantes sous perles en c\u00e9ramique \u2013 SCIENTAX\" loading=\"lazy\" title=\"Ceramic bead heater\" srcset=\"https:\/\/www.scientax.com\/wp-content\/uploads\/2019\/03\/14-r\u00e9sistances-sous-perles-800x600.jpg 800w, https:\/\/www.scientax.com\/wp-content\/uploads\/2019\/03\/14-r\u00e9sistances-sous-perles-300x225.jpg 300w, https:\/\/www.scientax.com\/wp-content\/uploads\/2019\/03\/14-r\u00e9sistances-sous-perles-768x576.jpg 768w, https:\/\/www.scientax.com\/wp-content\/uploads\/2019\/03\/14-r\u00e9sistances-sous-perles-1024x768.jpg 1024w, https:\/\/www.scientax.com\/wp-content\/uploads\/2019\/03\/14-r\u00e9sistances-sous-perles-100x75.jpg 100w, https:\/\/www.scientax.com\/wp-content\/uploads\/2019\/03\/14-r\u00e9sistances-sous-perles-1280x960.jpg 1280w\" sizes=\"(max-width: 800px) 100vw, 800px\" \/>                <\/div>\r\n                <div class=\"block-texte\">\r\n                    <div class=\"titre\">Ceramic bead heater<\/div>\r\n                    <div class=\"desc\">glass fiber sleeve heater<\/div>\r\n                <\/div>\r\n            <\/a>\r\n        <\/div>\r\n                            <div class=\"catalogue-item\">\r\n            <a href=\"https:\/\/www.scientax.com\/en\/resistances-refractaires\/\" title=\"Voir les produits\">\r\n                <div class=\"block-image\">\r\n                    <img width=\"800\" height=\"600\" src=\"https:\/\/www.scientax.com\/wp-content\/uploads\/2019\/03\/15-R\u00e9sistances-r\u00e9fractaires-800x600.jpg\" class=\"attachment-800x600 size-800x600 wp-post-image\" alt=\"R\u00e9sistances chauffantes \u00e0 feu vif - SCIENTAX\" loading=\"lazy\" title=\"Fire electric heaters\" srcset=\"https:\/\/www.scientax.com\/wp-content\/uploads\/2019\/03\/15-R\u00e9sistances-r\u00e9fractaires-800x600.jpg 800w, https:\/\/www.scientax.com\/wp-content\/uploads\/2019\/03\/15-R\u00e9sistances-r\u00e9fractaires-300x225.jpg 300w, https:\/\/www.scientax.com\/wp-content\/uploads\/2019\/03\/15-R\u00e9sistances-r\u00e9fractaires-768x576.jpg 768w, https:\/\/www.scientax.com\/wp-content\/uploads\/2019\/03\/15-R\u00e9sistances-r\u00e9fractaires-1024x768.jpg 1024w, https:\/\/www.scientax.com\/wp-content\/uploads\/2019\/03\/15-R\u00e9sistances-r\u00e9fractaires-100x75.jpg 100w, https:\/\/www.scientax.com\/wp-content\/uploads\/2019\/03\/15-R\u00e9sistances-r\u00e9fractaires-1280x961.jpg 1280w\" sizes=\"(max-width: 800px) 100vw, 800px\" \/>                <\/div>\r\n                <div class=\"block-texte\">\r\n                    <div class=\"titre\">Fire electric heaters<\/div>\r\n                    <div class=\"desc\">Grooved plate, rod<\/div>\r\n                <\/div>\r\n            <\/a>\r\n        <\/div>\r\n                            <div class=\"catalogue-item\">\r\n            <a href=\"https:\/\/www.scientax.com\/en\/barrel-heater\/\" title=\"Voir les produits\">\r\n                <div class=\"block-image\">\r\n                    <img width=\"800\" height=\"600\" src=\"https:\/\/www.scientax.com\/wp-content\/uploads\/2019\/03\/18-Colliers-de-f\u00fbt-e1552105599461.jpg\" class=\"attachment-800x600 size-800x600 wp-post-image\" alt=\"Collier de f\u00fbt mica blind\u00e9 \u2013 SCIENTAX\" loading=\"lazy\" title=\"Barrel heater\" srcset=\"https:\/\/www.scientax.com\/wp-content\/uploads\/2019\/03\/18-Colliers-de-f\u00fbt-e1552105599461.jpg 800w, https:\/\/www.scientax.com\/wp-content\/uploads\/2019\/03\/18-Colliers-de-f\u00fbt-e1552105599461-300x225.jpg 300w, https:\/\/www.scientax.com\/wp-content\/uploads\/2019\/03\/18-Colliers-de-f\u00fbt-e1552105599461-768x576.jpg 768w, https:\/\/www.scientax.com\/wp-content\/uploads\/2019\/03\/18-Colliers-de-f\u00fbt-e1552105599461-100x75.jpg 100w\" sizes=\"(max-width: 800px) 100vw, 800px\" \/>                <\/div>\r\n                <div class=\"block-texte\">\r\n                    <div class=\"titre\">Barrel heater<\/div>\r\n                    <div class=\"desc\">with thermostat<\/div>\r\n                <\/div>\r\n            <\/a>\r\n        <\/div>\r\n                            <div class=\"catalogue-item\">\r\n            <a href=\"https:\/\/www.scientax.com\/en\/fours-et-etuves\/\" title=\"Voir les produits\">\r\n                <div class=\"block-image\">\r\n                    <img width=\"800\" height=\"600\" src=\"https:\/\/www.scientax.com\/wp-content\/uploads\/2019\/03\/20-Fours-et-\u00e9tuves-e1552105514900-800x600.jpg\" class=\"attachment-800x600 size-800x600 wp-post-image\" alt=\"Fourneau \u00e0 dorer - SCIENTAX\" loading=\"lazy\" title=\"Professional ovens\" srcset=\"https:\/\/www.scientax.com\/wp-content\/uploads\/2019\/03\/20-Fours-et-\u00e9tuves-e1552105514900-800x600.jpg 800w, https:\/\/www.scientax.com\/wp-content\/uploads\/2019\/03\/20-Fours-et-\u00e9tuves-e1552105514900-300x225.jpg 300w, https:\/\/www.scientax.com\/wp-content\/uploads\/2019\/03\/20-Fours-et-\u00e9tuves-e1552105514900-768x576.jpg 768w, https:\/\/www.scientax.com\/wp-content\/uploads\/2019\/03\/20-Fours-et-\u00e9tuves-e1552105514900-1024x767.jpg 1024w, https:\/\/www.scientax.com\/wp-content\/uploads\/2019\/03\/20-Fours-et-\u00e9tuves-e1552105514900-100x75.jpg 100w, https:\/\/www.scientax.com\/wp-content\/uploads\/2019\/03\/20-Fours-et-\u00e9tuves-e1552105514900-1280x959.jpg 1280w\" sizes=\"(max-width: 800px) 100vw, 800px\" \/>                <\/div>\r\n                <div class=\"block-texte\">\r\n                    <div class=\"titre\">Professional ovens<\/div>\r\n                    <div class=\"desc\">book gilding heater, technical oven<\/div>\r\n                <\/div>\r\n            <\/a>\r\n        <\/div>\r\n                            <div class=\"catalogue-item\">\r\n            <a href=\"https:\/\/www.scientax.com\/en\/accessories\/\" title=\"Voir les produits\">\r\n                <div class=\"block-image\">\r\n                    <img width=\"800\" height=\"600\" src=\"https:\/\/www.scientax.com\/wp-content\/uploads\/2019\/03\/24-Accessoires-800x600.jpg\" class=\"attachment-800x600 size-800x600 wp-post-image\" alt=\"Accessoires de raccordement\" loading=\"lazy\" title=\"Accessories\" srcset=\"https:\/\/www.scientax.com\/wp-content\/uploads\/2019\/03\/24-Accessoires-800x600.jpg 800w, https:\/\/www.scientax.com\/wp-content\/uploads\/2019\/03\/24-Accessoires-300x225.jpg 300w, https:\/\/www.scientax.com\/wp-content\/uploads\/2019\/03\/24-Accessoires-768x576.jpg 768w, https:\/\/www.scientax.com\/wp-content\/uploads\/2019\/03\/24-Accessoires-1024x768.jpg 1024w, https:\/\/www.scientax.com\/wp-content\/uploads\/2019\/03\/24-Accessoires-100x75.jpg 100w, https:\/\/www.scientax.com\/wp-content\/uploads\/2019\/03\/24-Accessoires-1280x960.jpg 1280w\" sizes=\"(max-width: 800px) 100vw, 800px\" \/>                <\/div>\r\n                <div class=\"block-texte\">\r\n                    <div class=\"titre\">Accessories<\/div>\r\n                    <div class=\"desc\">sockets, cables, terminal blocks<\/div>\r\n                <\/div>\r\n            <\/a>\r\n        <\/div>\r\n                <\/div>\r\n    \r\n    <\/div><\/div>\n<\/div>\n    <\/div>\n<\/div>\n","protected":false},"excerpt":{"rendered":"<p>There is nothing to show here! Make sure to add slides to the slider Machines for the plastics industry thermoforming machines, heat sealers, cutting machines Flat heaters mica band heater, ceramic band heater Circular band heaters nozzle heater, mica heaters, ceramic heater and air cooled heater Cartridge heaters low, medium and high watt density Ceramic core heaters with or without &#8230; <\/p>\n<div><a href=\"https:\/\/www.scientax.com\/en\/\" class=\"more-link\">Read More<\/a><\/div>\n","protected":false},"author":1,"featured_media":0,"parent":0,"menu_order":0,"comment_status":"closed","ping_status":"closed","template":"template-blank-4.php","meta":[],"acf":[],"_links":{"self":[{"href":"https:\/\/www.scientax.com\/en\/wp-json\/wp\/v2\/pages\/639"}],"collection":[{"href":"https:\/\/www.scientax.com\/en\/wp-json\/wp\/v2\/pages"}],"about":[{"href":"https:\/\/www.scientax.com\/en\/wp-json\/wp\/v2\/types\/page"}],"author":[{"embeddable":true,"href":"https:\/\/www.scientax.com\/en\/wp-json\/wp\/v2\/users\/1"}],"replies":[{"embeddable":true,"href":"https:\/\/www.scientax.com\/en\/wp-json\/wp\/v2\/comments?post=639"}],"version-history":[{"count":0,"href":"https:\/\/www.scientax.com\/en\/wp-json\/wp\/v2\/pages\/639\/revisions"}],"wp:attachment":[{"href":"https:\/\/www.scientax.com\/en\/wp-json\/wp\/v2\/media?parent=639"}],"curies":[{"name":"wp","href":"https:\/\/api.w.org\/{rel}","templated":true}]}}